{"id":25,"date":"2025-07-19T14:06:44","date_gmt":"2025-07-19T14:06:44","guid":{"rendered":"https:\/\/kuebocats.de\/?page_id=25"},"modified":"2025-07-27T05:31:29","modified_gmt":"2025-07-27T05:31:29","slug":"ueber-uns","status":"publish","type":"page","link":"https:\/\/kuebocats.de\/index.php\/ueber-uns\/","title":{"rendered":"\u00dcber uns"},"content":{"rendered":"\n<p>Gegr\u00fcndet wurde der Katzenschutz K\u00fchlungsborn e.V. am 26. April 2012 mit folgenden Zielen:<\/p>\n\n\n\n<ul class=\"wp-block-list\">\n<li>Tierleid zu verhindern;<\/li>\n\n\n\n<li>Streunerkatzen in K\u00fchlungsborn verantwortungsvoll zu f\u00fcttern und eine Langzeitversorgung \u2013 auch medizinisch \u2013 zu gew\u00e4hrleisten;<\/li>\n\n\n\n<li>die Streunerkatzenpopulation mit gezielten Kastrationsprogrammen einzud\u00e4mmen;<\/li>\n\n\n\n<li>eine Kastrations- und Kennzeichnungspflicht f\u00fcr Katzen im Ostseebad K\u00fchlungsborn zu erwirken.<br>Der Verein besteht zur Zeit aus gut einem Dutzend Mitgliedern, die allesamt ehrenamtlich f\u00fcr den Katzenschutz K\u00fchlungsborn t\u00e4tig sind. In der Obhut des Vereins befinden sich diverse Fundkatzen, Notf\u00e4lle und Katzen aus schlechter Haltung. Wir freuen uns, wenn es uns gelingt, Katzen, die ein schlimmes Schicksal hinter sich haben, wieder aufzupeppeln und einen sicheren, langfristigen Platz f\u00fcr die Vierbeiner zu finden.<br>Zu den t\u00e4glichen Aufgaben der Vereinsmitglieder geh\u00f6ren \u2013 neben der F\u00fctterung und Versorgung der Tiere, das Aufstellen von Futterh\u00e4usern f\u00fcr Streunerkatzen und die Versorgung und Beobachtung von Katzenpopulationen.<br>Wir freuen uns \u00fcber neue Mitglieder, die unseren Verein mit ihrem Mitgliedsbeitrag finanziell unterst\u00fctzen und nat\u00fcrlich auch gerne selber aktiv im Verein zum Wohle der Tiere mitanpacken wollen. Jedes neue Mitglied sorgt daf\u00fcr, dass unsere Lobby w\u00e4chst und gibt Streunerkatzen die Chance auf eine bestm\u00f6gliche Versorgung. Hierbei arbeiten wir erfolgreich mit den ortsans\u00e4ssigen Tier\u00e4rzten zusammen.<br>Hier kann die Satzung des Katzenschutz K\u00fchlungsborn e.V. heruntergeladen werden: <a href=\"https:\/\/kuebocats.de\/wp-content\/uploads\/2025\/07\/kuebocats_satzung2012.pdf\" target=\"_blank\" rel=\"noreferrer noopener\">Satzung PDF (640 kb)<\/a><br>\u2028Ge\u00e4ndert wurde der Mitgliedsbeitrag laut Beschluss Mitgliederversammlung auf 35 Euro\/Jahr.<\/li>\n<\/ul>\n\n\n\n<p><\/p>\n\n\n\n<p><\/p>\n","protected":false},"excerpt":{"rendered":"<p>Gegr\u00fcndet wurde der Katzenschutz K\u00fchlungsborn e.V. am 26. April 2012 mit folgenden Zielen:<\/p>\n","protected":false},"author":1,"featured_media":0,"parent":0,"menu_order":1,"comment_status":"closed","ping_status":"closed","template":"","meta":{"footnotes":""},"class_list":["post-25","page","type-page","status-publish","hentry"],"_links":{"self":[{"href":"https:\/\/kuebocats.de\/index.php\/wp-json\/wp\/v2\/pages\/25","targetHints":{"allow":["GET"]}}],"collection":[{"href":"https:\/\/kuebocats.de\/index.php\/wp-json\/wp\/v2\/pages"}],"about":[{"href":"https:\/\/kuebocats.de\/index.php\/wp-json\/wp\/v2\/types\/page"}],"author":[{"embeddable":true,"href":"https:\/\/kuebocats.de\/index.php\/wp-json\/wp\/v2\/users\/1"}],"replies":[{"embeddable":true,"href":"https:\/\/kuebocats.de\/index.php\/wp-json\/wp\/v2\/comments?post=25"}],"version-history":[{"count":2,"href":"https:\/\/kuebocats.de\/index.php\/wp-json\/wp\/v2\/pages\/25\/revisions"}],"predecessor-version":[{"id":32,"href":"https:\/\/kuebocats.de\/index.php\/wp-json\/wp\/v2\/pages\/25\/revisions\/32"}],"wp:attachment":[{"href":"https:\/\/kuebocats.de\/index.php\/wp-json\/wp\/v2\/media?parent=25"}],"curies":[{"name":"wp","href":"https:\/\/api.w.org\/{rel}","templated":true}]}}