{"id":43,"date":"2025-07-20T09:04:51","date_gmt":"2025-07-20T09:04:51","guid":{"rendered":"https:\/\/kuebocats.de\/?page_id=43"},"modified":"2025-07-27T05:31:52","modified_gmt":"2025-07-27T05:31:52","slug":"mitglied-werden","status":"publish","type":"page","link":"https:\/\/kuebocats.de\/index.php\/mitglied-werden\/","title":{"rendered":"Mitglied werden"},"content":{"rendered":"\n<p>Sch\u00f6n, dass Sie den Weg auf diese Seite gefunden haben. Sie als neues Mitglied f\u00fcr unseren Verein zu gewinnen, w\u00e4re eine tolle Sache \u2013 wir brauchen Ihre Unterst\u00fctzung. Der Mitgliedsbeitrag im Katzenschutz K\u00fchlungsborn e.V. betr\u00e4gt 35,- Euro im Jahr. Jedes Mitglied bedeutet f\u00fcr uns Planungssicherheit bei der Durchf\u00fchrung von Aktionen und der Versorgung unserer Katzen und der vielen Streuner im Ortsbereich. Ausserdem st\u00e4rken Sie unsere Lobby bei Verhandlungen mit der Stadt und Beh\u00f6rden.\u2028<br>Sie entscheiden selber, inwieweit Sie sich zus\u00e4tzlich an der Vereinsarbeit \u2013 mit dem Zeitaufwand, den Sie leisten k\u00f6nnen oder m\u00f6chten \u2013 beteiligen. Wir treffen uns in der Regel einmal j\u00e4hrlich zur Mitgliederversammlung. Alle unsere Mitglieder arbeiten ehrenamtlich. Wir freuen uns auf Sie!\u2028<\/p>\n\n\n\n<p>Gerne k\u00f6nnen Sie sich vor Ort ein Bild von unserer Arbeit machen. F\u00fcr weitere Fragen stehen wir Ihnen jederzeit zur Verf\u00fcgung. Kontaktieren Sie uns bitte per Telefon oder per Email.\u2028\u2028<br>Einen Mitgliedsantrag k\u00f6nnen Sie <a href=\"https:\/\/kuebocats.de\/wp-content\/uploads\/2025\/07\/Aufnahmeantrag.doc\" target=\"_blank\" rel=\"noreferrer noopener\">hier downloaden<\/a>.<br><br>Ihr Vorstand des Katzenschutz K\u00fchlungsborn e.V.<br>\u2028Karin St\u00fcver,\u2028<br>Olaf Weitendorf<\/p>\n","protected":false},"excerpt":{"rendered":"<p>Sch\u00f6n, dass Sie den Weg auf diese Seite gefunden haben. Sie als neues Mitglied f\u00fcr unseren Verein zu gewinnen, w\u00e4re eine tolle Sache \u2013 wir brauchen Ihre Unterst\u00fctzung. Der Mitgliedsbeitrag im Katzenschutz K\u00fchlungsborn e.V. betr\u00e4gt 35,- Euro im Jahr. Jedes Mitglied bedeutet f\u00fcr uns Planungssicherheit bei der Durchf\u00fchrung von Aktionen und der Versorgung unserer Katzen [&hellip;]<\/p>\n","protected":false},"author":1,"featured_media":0,"parent":0,"menu_order":3,"comment_status":"closed","ping_status":"closed","template":"","meta":{"footnotes":""},"class_list":["post-43","page","type-page","status-publish","hentry"],"_links":{"self":[{"href":"https:\/\/kuebocats.de\/index.php\/wp-json\/wp\/v2\/pages\/43","targetHints":{"allow":["GET"]}}],"collection":[{"href":"https:\/\/kuebocats.de\/index.php\/wp-json\/wp\/v2\/pages"}],"about":[{"href":"https:\/\/kuebocats.de\/index.php\/wp-json\/wp\/v2\/types\/page"}],"author":[{"embeddable":true,"href":"https:\/\/kuebocats.de\/index.php\/wp-json\/wp\/v2\/users\/1"}],"replies":[{"embeddable":true,"href":"https:\/\/kuebocats.de\/index.php\/wp-json\/wp\/v2\/comments?post=43"}],"version-history":[{"count":2,"href":"https:\/\/kuebocats.de\/index.php\/wp-json\/wp\/v2\/pages\/43\/revisions"}],"predecessor-version":[{"id":45,"href":"https:\/\/kuebocats.de\/index.php\/wp-json\/wp\/v2\/pages\/43\/revisions\/45"}],"wp:attachment":[{"href":"https:\/\/kuebocats.de\/index.php\/wp-json\/wp\/v2\/media?parent=43"}],"curies":[{"name":"wp","href":"https:\/\/api.w.org\/{rel}","templated":true}]}}