{"id":48,"date":"2025-07-20T09:26:45","date_gmt":"2025-07-20T09:26:45","guid":{"rendered":"https:\/\/kuebocats.de\/?page_id=48"},"modified":"2025-07-20T09:26:45","modified_gmt":"2025-07-20T09:26:45","slug":"spendenmoeglichkeiten","status":"publish","type":"page","link":"https:\/\/kuebocats.de\/index.php\/spendenmoeglichkeiten\/","title":{"rendered":"Spendenm\u00f6glichkeiten"},"content":{"rendered":"\n<p>Wir freuen uns sehr, wenn Sie dem Katzenschutz K\u00fchlungsborn helfen und uns unterst\u00fctzen wollen. Nachfolgend zeigen wir Ihnen M\u00f6glichkeiten auf, unsere Arbeit mit einer einmalige Spende oder dauerhaft zu unterst\u00fctzen.<br><br><strong>SPENDEN \u00dcBER betterplace.org:<\/strong><br>Hier finden Sie Katzenschutz K\u00fchlungsborn Projekte bei betterplace, die uns projektbezogen helfen.<\/p>\n\n\n\n<ul class=\"wp-block-list\">\n<li>\u00a0<a href=\"https:\/\/www.betterplace.org\/de\/projects\/67057?utm_campaign=user_share&amp;utm_medium=ppp_sharing_module&amp;utm_source=Email\" target=\"_blank\" rel=\"noreferrer noopener\">Tierarztkosten \u00fcbernehmen\u2028<\/a><br><\/li>\n\n\n\n<li><a href=\"https:\/\/www.betterplace.org\/de\/projects\/80981?utm_campaign=user_share&amp;utm_medium=ppp_stats&amp;utm_source=Link\" target=\"_blank\" rel=\"noreferrer noopener\">Kastrationsprogramm unterst\u00fctzen<\/a><\/li>\n<\/ul>\n\n\n\n<p class=\"has-large-font-size\"><strong>GELDSPENDE:\u2028<\/strong><br>Mit Ihrer Geldspende unterst\u00fctzen Sie tatkr\u00e4ftig unser Kastrationsprogramm, die Versorgung kranker und verletzer Tiere und sichern den Zukauf von Katzenfutter. Wir weisen darauf hin, dass Ihre Geldspende ausschlie\u00dflich diesen Zwecken zu Gute kommt. Alle unsere Vereinsmitglieder arbeiten ehrenamtlich; alle Drucksachen sowie unsere Internetseite werden ehrenamtlich erstellt und betreut.\u2028<br>Unser Spendenkonto bei der VR Bank G\u00fcstrow :\u2028<br>BLZ: 140 613 08\u2028<br>Kontonummer: 466 95 41<br>\u2028IBAN: DE06 1406 1308 0004 6695 41\u2028<br>Sollten Sie eine Spendenquittung w\u00fcnschen schreiben Sie uns bitte zeitnah zu Ihrer \u00dcberweisung eine Email mit Ihrer vollst\u00e4ndigen Adresse. Wir senden Ihnen dann gerne eine Spendenquittung zu.<\/p>\n\n\n\n<p class=\"has-large-font-size\"><strong>\u2028\u2028FUTTERSPENDE:\u2028<\/strong><br>Futterspenden \u2013 egal, ob Trocken-, Nass- oder Spezialfutter \u2013 nehmen wir gerne an. Futterspenden k\u00f6nnen Sie in den EDEKA-M\u00e4rkten K\u00fchlungsborn Ost und West \u2013 jeweils in den Eingangsbereichen an den Kassen \u2013 in unsere dort aufgestellten Futtersammelboxen werfen. Sollten Sie Kontakte zu einem Futterhersteller haben, der uns kostenlos die Anlieferung von gr\u00f6\u00dferen Futtermengen erm\u00f6glicht, freuen wir uns \u00fcber eine Kontaktaufnahme mit unserer Vereinsvorsitzenden Frau Karin St\u00fcver.\u2028\u2028<\/p>\n\n\n\n<p class=\"has-large-font-size\">PATENSCHAFT:\u2028<br>Sollten Sie keine M\u00f6glichkeit haben eine eigene Katze zu halten, ist vielleicht eine Patenschaft f\u00fcr eine(n) unserer Dauermieter eine sch\u00f6ne Alternative. So unterst\u00fctzen Sie dauerhaft mit einem beliebigen Geldbetrag (zum Beispiel Euro 5,- im Monat) eines unserer Sorgenkinder, das Sie selbstverst\u00e4ndlich gerne bei uns besuchen k\u00f6nnen. Ausserdem senden wir Ihnen aktuelle Fotos und kleine Berichte \u00fcber Ihr \u201ePatenkind\u201c zu.\u2028\u2028<\/p>\n\n\n\n<p class=\"has-large-font-size\">MITGLIEDSCHAFT im Katzenschutz K\u00fchlungsborn:\u2028<br>Jedes neue Mitglied st\u00e4rkt unseren Verein und hilft uns dauerhaft zu planen. Mehr Informationen zu einer Mitgliedschaft finden Sie auf unserer \u201e<a href=\"https:\/\/kuebocats.de\/index.php\/mitglied-werden\/\" data-type=\"page\" data-id=\"43\">Mitglied werden<\/a>\u201c-Seite.<\/p>\n\n\n\n<p class=\"has-large-font-size\">ERBSCHAFTEN:\u2028<br>Mit den Beitr\u00e4gen unserer Mitglieder k\u00f6nnen wir nur einen kleinen Teil der Kosten decken, die f\u00fcr Futter, \u00e4rztliche Versorgung der Tiere, Kastrationsprogramme und vieles mehr tagt\u00e4glich anfallen. Deshalb sind wir zus\u00e4tzlich auf Spenden angewiesen.\u2028<br>Manche besonders gro\u00dfz\u00fcgige Tierfreunde verf\u00fcgen, dass nach ihrem Ableben ihr Nachlass an den Tierschutz f\u00e4llt und so direkt f\u00fcr den Schutz der Tiere verwendet werden kann. Dies ist h\u00e4ufig der Fall, wenn es keine Angeh\u00f6rigen gibt oder diese sich nicht um den Erblasser k\u00fcmmern, so dass das Haustier oder die Haustiere in den letzten Lebensjahren zum einzigen Freund geworden sind. Ist ein Haustier vorhanden, ist ein Erbe meist an die Bedingung gekn\u00fcpft, dass sich der Tierschutzverein um das Tier k\u00fcmmert und es lebenslang versorgt. Diese Verpflichtung w\u00fcrden wir gerne \u00fcbernehmen. Vielleicht haben auch Sie schon dar\u00fcber nachgedacht, wie Sie das in Ihrem Leben Erarbeitete f\u00fcr die Zukunft erhalten und einem sinnvollen Zweck zuf\u00fchren k\u00f6nnen. Wenn keine gesetzlichen Erben vorhanden sind, f\u00e4llt das Erbe automatisch dem Staat zu, was in der Regel nicht dem Wunsch des Erblassers entspricht. Der Katzenschutzverein K\u00fchlungsborn e.V. informiert Sie gerne dar\u00fcber, damit Ihr Lebenserfolg auch nach Ihrem Ableben Bestand hat und Gutes bewirkt.\u2028Wenn Sie das Gl\u00fcck haben, Ihr Erspartes oder Ihre Immobilien an liebe Angeh\u00f6rige vererben zu k\u00f6nnen, w\u00fcrden wir uns sehr freuen, wenn Sie einen kleinen Teil Ihrer Reicht\u00fcmer nach Ihrem Tod dem Katzenschutz zukommen lassen. Wir versichern Ihnen, dass der Katzenschutzverein K\u00fchlungsborn e.V. Ihr Erbe nur zu dem einen Zweck einsetzt: Dem Schutz der Tiere!<br>Wenn Sie eine Erbschaft an unseren Verein in Erw\u00e4gung ziehen, bitten wir Sie, sich mit uns in Verbindung zu setzen. Wir sprechen dann gerne mit Ihnen \u00fcber dieses \u2013 allzu oft noch mit einem Tabu behaftete \u2013 Thema.<\/p>\n","protected":false},"excerpt":{"rendered":"<p>Wir freuen uns sehr, wenn Sie dem Katzenschutz K\u00fchlungsborn helfen und uns unterst\u00fctzen wollen. Nachfolgend zeigen wir Ihnen M\u00f6glichkeiten auf, unsere Arbeit mit einer einmalige Spende oder dauerhaft zu unterst\u00fctzen. SPENDEN \u00dcBER betterplace.org:Hier finden Sie Katzenschutz K\u00fchlungsborn Projekte bei betterplace, die uns projektbezogen helfen. GELDSPENDE:\u2028Mit Ihrer Geldspende unterst\u00fctzen Sie tatkr\u00e4ftig unser Kastrationsprogramm, die Versorgung kranker [&hellip;]<\/p>\n","protected":false},"author":1,"featured_media":0,"parent":0,"menu_order":0,"comment_status":"closed","ping_status":"closed","template":"","meta":{"footnotes":""},"class_list":["post-48","page","type-page","status-publish","hentry"],"_links":{"self":[{"href":"https:\/\/kuebocats.de\/index.php\/wp-json\/wp\/v2\/pages\/48","targetHints":{"allow":["GET"]}}],"collection":[{"href":"https:\/\/kuebocats.de\/index.php\/wp-json\/wp\/v2\/pages"}],"about":[{"href":"https:\/\/kuebocats.de\/index.php\/wp-json\/wp\/v2\/types\/page"}],"author":[{"embeddable":true,"href":"https:\/\/kuebocats.de\/index.php\/wp-json\/wp\/v2\/users\/1"}],"replies":[{"embeddable":true,"href":"https:\/\/kuebocats.de\/index.php\/wp-json\/wp\/v2\/comments?post=48"}],"version-history":[{"count":1,"href":"https:\/\/kuebocats.de\/index.php\/wp-json\/wp\/v2\/pages\/48\/revisions"}],"predecessor-version":[{"id":49,"href":"https:\/\/kuebocats.de\/index.php\/wp-json\/wp\/v2\/pages\/48\/revisions\/49"}],"wp:attachment":[{"href":"https:\/\/kuebocats.de\/index.php\/wp-json\/wp\/v2\/media?parent=48"}],"curies":[{"name":"wp","href":"https:\/\/api.w.org\/{rel}","templated":true}]}}